{"id":691,"date":"2022-06-24T10:17:54","date_gmt":"2022-06-24T10:17:54","guid":{"rendered":"https:\/\/www.charityinfaith.com\/es\/?page_id=691"},"modified":"2026-04-07T02:07:20","modified_gmt":"2026-04-07T02:07:20","slug":"ministerio-de-papel-sanitario","status":"publish","type":"page","link":"https:\/\/www.charityinfaith.com\/es\/ministerio-de-papel-sanitario\/","title":{"rendered":"Ministerio de Papel Sanitario"},"content":{"rendered":"[vc_row][vc_column][vc_custom_heading text=&#8221;Ministerio de Papel Sanitario&#8221; font_container=&#8221;tag:h2|text_align:center|color:%2399730e&#8221; use_theme_fonts=&#8221;yes&#8221;][vc_column_text]Bajo la creencia de que la fe cristina tiene su m\u00e1xima expression a trav\u00e9s de obras de caridad, Charity in Faith ayuda a individuos que est\u00e1n pasando por dificultades econ\u00f3micas provey\u00e9ndoles de papel sanitario a trav\u00e9s de nuestro ministerio de papel sanitario. Charity in Faith hace donativos a personas con dificultades de dinero en el Condado de San Diego y en la regi\u00f3n de Tijuana.<\/p>\n<p>Nosotros obtenemos el papel sanitario a trav\u00e9s de camiones de transporte comercial que hacen la entrega en nuestra bodega en Otay Mesa. Despu\u00e9s de recibirlo, lo repartimos entre personas que tienen necesidad y que desean recibir nuestro papel sanitario.\u00a0 Tambien gente necesitada viene a nuestra oficina corporativa para recoger papel sanitario.<\/p>\n<p>Los grupos de personas a quienes hemos entregado papel sanitario en San Diego incluyen, entre otros, familias pobres en la colonia de Barrio Logan en San Diego, madres necesitadas, etc.\u00a0 En Tijuana, hemos suplido de papel sanitario a un orfantorio cat\u00f3lico.<\/p>\n<p>Normalmente, cada a\u00f1o, podemos regalar m\u00e1s de 5,000 rollos de papel sanitario a los necesitados en el Condado de San Diego, as\u00ed como en la regi\u00f3n de Tijuana.[\/vc_column_text][\/vc_column][\/vc_row][vc_row][vc_column][vc_media_grid element_width=&#8221;3&#8243; item=&#8221;mediaGrid_ScaleWithRotation&#8221; initial_loading_animation=&#8221;none&#8221; grid_id=&#8221;vc_gid:1775527616655-47e8dece-8556-8&#8243; include=&#8221;973,159,170,974,671,871,111,870,874,670,106&#8243;][\/vc_column][\/vc_row][vc_row css=&#8221;.vc_custom_1656066304945{margin-top: 35px !important;}&#8221;][vc_column][vc_column_text]\n<div style=\"background-color: #6d8ac2; padding: 20px; text-align: center; width: 90%; margin: auto;\">\n<h3 style=\"color: #fff; font-weight: bold;\">Nuestros Ministerios<\/h3>\n<p style=\"text-align: center; font-weight: bold;\"><a style=\"color: #fff;\" href=\"https:\/\/www.charityinfaith.com\/es\/ministerio-de-comida\/\" rel=\"noopener\">Ministerio de comida<\/a> <span style=\"color: #fff;\">|<\/span> <a style=\"color: #fff;\" href=\"https:\/\/www.charityinfaith.com\/es\/ministerio-de-panales\/\" rel=\"noopener\">Ministerio de pa\u00f1ales<\/a> <span style=\"color: #fff;\">|<\/span> <a style=\"color: #fff;\" href=\"https:\/\/www.charityinfaith.com\/es\/ministerio-de-papel-sanitario\/\" rel=\"noopener\">Ministerio de Papel Sanitario<\/a><\/p>\n<\/div>\n[\/vc_column_text][\/vc_column][\/vc_row]\n","protected":false},"excerpt":{"rendered":"<p>[vc_row][vc_column][vc_custom_heading text=&#8221;Ministerio de Papel Sanitario&#8221; font_container=&#8221;tag:h2|text_align:center|color:%2399730e&#8221; use_theme_fonts=&#8221;yes&#8221;][vc_column_text]Bajo la creencia de que la fe cristina tiene su m\u00e1xima expression a trav\u00e9s de obras de caridad, Charity in Faith ayuda a individuos que est\u00e1n pasando por dificultades econ\u00f3micas provey\u00e9ndoles de papel sanitario a trav\u00e9s de nuestro ministerio de papel<\/p>\n","protected":false},"author":1,"featured_media":0,"parent":0,"menu_order":0,"comment_status":"closed","ping_status":"closed","template":"","meta":{"footnotes":""},"class_list":["post-691","page","type-page","status-publish","hentry"],"_links":{"self":[{"href":"https:\/\/www.charityinfaith.com\/es\/wp-json\/wp\/v2\/pages\/691","targetHints":{"allow":["GET"]}}],"collection":[{"href":"https:\/\/www.charityinfaith.com\/es\/wp-json\/wp\/v2\/pages"}],"about":[{"href":"https:\/\/www.charityinfaith.com\/es\/wp-json\/wp\/v2\/types\/page"}],"author":[{"embeddable":true,"href":"https:\/\/www.charityinfaith.com\/es\/wp-json\/wp\/v2\/users\/1"}],"replies":[{"embeddable":true,"href":"https:\/\/www.charityinfaith.com\/es\/wp-json\/wp\/v2\/comments?post=691"}],"version-history":[{"count":18,"href":"https:\/\/www.charityinfaith.com\/es\/wp-json\/wp\/v2\/pages\/691\/revisions"}],"predecessor-version":[{"id":979,"href":"https:\/\/www.charityinfaith.com\/es\/wp-json\/wp\/v2\/pages\/691\/revisions\/979"}],"wp:attachment":[{"href":"https:\/\/www.charityinfaith.com\/es\/wp-json\/wp\/v2\/media?parent=691"}],"curies":[{"name":"wp","href":"https:\/\/api.w.org\/{rel}","templated":true}]}}