{"id":631,"date":"2022-01-28T13:35:32","date_gmt":"2022-01-28T13:35:32","guid":{"rendered":"https:\/\/www.charityinfaith.com\/es\/?page_id=631"},"modified":"2026-04-07T02:06:15","modified_gmt":"2026-04-07T02:06:15","slug":"ministerio-de-comida","status":"publish","type":"page","link":"https:\/\/www.charityinfaith.com\/es\/ministerio-de-comida\/","title":{"rendered":"Ministerio de comida"},"content":{"rendered":"[vc_row][vc_column][vc_custom_heading text=&#8221;Ministerio de comida&#8221; font_container=&#8221;tag:h2|text_align:center&#8221; use_theme_fonts=&#8221;yes&#8221;][vc_column_text]Charity in Faith distribuye comida a personas necesitadas por medio de nuestro ministerio de comida. Recibimos, empacamos y entregamos comida a gente necesitada en el Condado de San Diego y en la regi\u00f3n de Tijuana. Nuestra inspiraci\u00f3n proviene de la creencia en que la fe no se realiza completamente a menos que se exprese a trav\u00e9s de obras de caridad.[\/vc_column_text][vc_column_text]La comida que recibimos en San Diego, proveniente de distintas fuentes, llega directamente a nuestra bodega en Otay Mesa en veh\u00edculos comerciales. Nosotros la colocamos en bolsas individuales para su distribuci\u00f3n. Despu\u00e9s, nuestro ministerio de comida hace entrega de la comida empaquetada a gente necesitada que desean recibir nuestra comida. Tales personas incluyen, entre otros, pobres familias en la colonia de Barrio Logan en San Diego, jornaleros immigrantes; gente necesitada, etc.[\/vc_column_text][vc_column_text]En Tijuana, compramos la comida a mayoristas proveedores de restaurantes. Compramos grandes cantidades de comida y la transportamos en veh\u00edculos comerciales directamente a un orfanatorio cat\u00f3lico.<\/p>\n<p>Anualmente, podemos regalar m\u00e1s de 25,000 comidas a los necesitados en el Condado de San Diego, as\u00ed como en la regi\u00f3n de Tijuana.[\/vc_column_text][\/vc_column][\/vc_row][vc_row][vc_column][vc_media_grid element_width=&#8221;3&#8243; item=&#8221;mediaGrid_ScaleWithRotation&#8221; initial_loading_animation=&#8221;none&#8221; grid_id=&#8221;vc_gid:1775527541708-9c893a7c-7446-2&#8243; include=&#8221;973,159,866,974,170,671,876,667,174,107,668,867,669,111,670,870,172,666,871,108,872,665,875,106&#8243;][\/vc_column][\/vc_row][vc_row][vc_column][vc_custom_heading text=&#8221;Donativos o trabajo voluntario para nuestro<br \/>\nministerio de comida&#8221; font_container=&#8221;tag:h2|text_align:center&#8221; use_theme_fonts=&#8221;yes&#8221;][vc_column_text]Lo que mueve a Charity in Faith es la creencia de que la fe Cristiana no se realiza completamente a menos que se exprese por medio de obras de caridad. La esperanza de Charity in Faith es poder reflejar nuestra fe Cristiana a trav\u00e9s de obras de caridad que ayuden a personas necesitadas. Agradecemos sinceramente los donativos y el trabajo voluntario para apoyar dicha misi\u00f3n. Para m\u00e1s informaci\u00f3n acerca de Charity in Faith y nuestro ministerio de comida por favor no dude en contactarnos.[\/vc_column_text][\/vc_column][\/vc_row][vc_row css=&#8221;.vc_custom_1643377610559{padding-top: 55px !important;padding-bottom: 55px !important;}&#8221;][vc_column][vc_column_text]\n<div style=\"background-color: #6d8ac2; padding: 20px; text-align: center; width: 90%; margin: auto;\">\n<h3 style=\"color: #fff; font-weight: bold;\">Nuestros Ministerios<\/h3>\n<p style=\"text-align: center; font-weight: bold;\"><a style=\"color: #fff;\" href=\"https:\/\/www.charityinfaith.com\/es\/ministerio-de-comida\/\" rel=\"noopener\">Ministerio de comida<\/a> <span style=\"color: #fff;\">|<\/span> <a style=\"color: #fff;\" href=\"https:\/\/www.charityinfaith.com\/es\/ministerio-de-panales\/\" rel=\"noopener\">Ministerio de pa\u00f1ales<\/a> <span style=\"color: #fff;\">|<\/span> <a style=\"color: #fff;\" href=\"https:\/\/www.charityinfaith.com\/es\/ministerio-de-papel-sanitario\/\" rel=\"noopener\">Ministerio de Papel Sanitario<\/a><\/p>\n<\/div>\n[\/vc_column_text][\/vc_column][\/vc_row]\n","protected":false},"excerpt":{"rendered":"<p>[vc_row][vc_column][vc_custom_heading text=&#8221;Ministerio de comida&#8221; font_container=&#8221;tag:h2|text_align:center&#8221; use_theme_fonts=&#8221;yes&#8221;][vc_column_text]Charity in Faith distribuye comida a personas necesitadas por medio de nuestro ministerio de comida. Recibimos, empacamos y entregamos comida a gente necesitada en el Condado de San Diego y en la regi\u00f3n de Tijuana. Nuestra inspiraci\u00f3n proviene de la creencia en<\/p>\n","protected":false},"author":1,"featured_media":0,"parent":0,"menu_order":0,"comment_status":"closed","ping_status":"closed","template":"","meta":{"footnotes":""},"class_list":["post-631","page","type-page","status-publish","hentry"],"_links":{"self":[{"href":"https:\/\/www.charityinfaith.com\/es\/wp-json\/wp\/v2\/pages\/631","targetHints":{"allow":["GET"]}}],"collection":[{"href":"https:\/\/www.charityinfaith.com\/es\/wp-json\/wp\/v2\/pages"}],"about":[{"href":"https:\/\/www.charityinfaith.com\/es\/wp-json\/wp\/v2\/types\/page"}],"author":[{"embeddable":true,"href":"https:\/\/www.charityinfaith.com\/es\/wp-json\/wp\/v2\/users\/1"}],"replies":[{"embeddable":true,"href":"https:\/\/www.charityinfaith.com\/es\/wp-json\/wp\/v2\/comments?post=631"}],"version-history":[{"count":34,"href":"https:\/\/www.charityinfaith.com\/es\/wp-json\/wp\/v2\/pages\/631\/revisions"}],"predecessor-version":[{"id":978,"href":"https:\/\/www.charityinfaith.com\/es\/wp-json\/wp\/v2\/pages\/631\/revisions\/978"}],"wp:attachment":[{"href":"https:\/\/www.charityinfaith.com\/es\/wp-json\/wp\/v2\/media?parent=631"}],"curies":[{"name":"wp","href":"https:\/\/api.w.org\/{rel}","templated":true}]}}