{"id":628,"date":"2022-01-28T13:31:53","date_gmt":"2022-01-28T13:31:53","guid":{"rendered":"https:\/\/www.charityinfaith.com\/es\/?page_id=628"},"modified":"2026-01-13T01:20:38","modified_gmt":"2026-01-13T01:20:38","slug":"ministerio-de-panales","status":"publish","type":"page","link":"https:\/\/www.charityinfaith.com\/es\/ministerio-de-panales\/","title":{"rendered":"Ministerio de pa\u00f1ales"},"content":{"rendered":"[vc_row][vc_column][vc_custom_heading text=&#8221;Ministerio de Pa\u00f1ales&#8221; font_container=&#8221;tag:h2|text_align:center&#8221; use_theme_fonts=&#8221;yes&#8221;][vc_column_text]Lo que mueve a Charity in Faith es la creencia en que la fe Cristiana no se realiza completamente a menos que se exprese por medio de obras de caridad. Y llevando esta creencia a la pr\u00e1ctica, Charity in Faith presta ayuda a gente con dificultades econ\u00f3micas provey\u00e9ndoles de pa\u00f1ales gatis a trav\u00e9s de nuestro ministerio de pa\u00f1ales. Con el deseo de servir a Dios beneficiando a los necesitados, Charity in Faith regala pa\u00f1ales a mam\u00e1s y pap\u00e1s en estado de pobreza por todo el Condado de San Diego y la regi\u00f3n de Tijuana.[\/vc_column_text][vc_column_text]Recibimos pa\u00f1ales que provienen de m\u00faltiples lugares en el estado de California en nuestra oficina Matriz Corporativa en Chula Vista via camiones comerciales. Despu\u00e9s de recibirlos, se los hacemos llegar a personas que necesitan nuestros pa\u00f1ales.\u00a0 Tambien gente necesitada viene a nuestra oficina corporativa para recoger pa\u00f1ales.<\/p>\n[\/vc_column_text][vc_column_text]Las personas a quienes hacemos entrega de pa\u00f1ales gratis incluyen, entre otros, familias pobres en la colonia de Barrio Logan en San Diego, madres necesitadas, etc.<\/p>\n<p>Anualmente, podemos regalar m\u00e1s de 50,000 pa\u00f1ales a los necesitados.[\/vc_column_text][vc_media_grid element_width=&#8221;3&#8243; item=&#8221;mediaGrid_ScaleWithRotation&#8221; grid_id=&#8221;vc_gid:1768267199316-4d21eaf9-5504-3&#8243; include=&#8221;887,888,870,681,873,682&#8243;][\/vc_column][\/vc_row][vc_row][vc_column][vc_custom_heading text=&#8221;Donativos o trabajo voluntario para nuestro<br \/>\nministerio de pa\u00f1ales&#8221; font_container=&#8221;tag:h2|text_align:center&#8221; use_theme_fonts=&#8221;yes&#8221;][vc_column_text]La misi\u00f3n de Charity in Faith, a la par con nuestro ministerio de comida, es reflejar nuestra fe Cristiana a trav\u00e9s de obras de caridad que beneficien a personas necesitadas. Agradecemos sinceramente los donativos y el trabajo voluntario para apoyar dicha misi\u00f3n. Para m\u00e1s informaci\u00f3n acerca de Charity in Faith y nuestro ministerio de pa\u00f1ales, por favor no dude en contactarnos.[\/vc_column_text][\/vc_column][\/vc_row][vc_row][vc_column][\/vc_column][\/vc_row][vc_row css=&#8221;.vc_custom_1643378011455{padding-top: 55px !important;padding-bottom: 55px !important;}&#8221;][vc_column][vc_column_text]\n<div style=\"background-color: #6d8ac2; padding: 20px; text-align: center; width: 90%; margin: auto;\">\n<h3 style=\"color: #fff; font-weight: bold;\">Nuestros Ministerios<\/h3>\n<p style=\"text-align: center; font-weight: bold;\"><a style=\"color: #fff;\" href=\"https:\/\/www.charityinfaith.com\/es\/ministerio-de-comida\/\" rel=\"noopener\">Ministerio de comida<\/a> <span style=\"color: #fff;\">|<\/span> <a style=\"color: #fff;\" href=\"https:\/\/www.charityinfaith.com\/es\/ministerio-de-panales\/\" rel=\"noopener\">Ministerio de pa\u00f1ales<\/a> <span style=\"color: #fff;\">|<\/span> <a style=\"color: #fff;\" href=\"https:\/\/www.charityinfaith.com\/es\/ministerio-de-papel-sanitario\/\" rel=\"noopener\">Ministerio de Papel Sanitario<\/a><\/p>\n<\/div>\n[\/vc_column_text][\/vc_column][\/vc_row]\n","protected":false},"excerpt":{"rendered":"<p>[vc_row][vc_column][vc_custom_heading text=&#8221;Ministerio de Pa\u00f1ales&#8221; font_container=&#8221;tag:h2|text_align:center&#8221; use_theme_fonts=&#8221;yes&#8221;][vc_column_text]Lo que mueve a Charity in Faith es la creencia en que la fe Cristiana no se realiza completamente a menos que se exprese por medio de obras de caridad. Y llevando esta creencia a la pr\u00e1ctica, Charity in Faith presta ayuda<\/p>\n","protected":false},"author":1,"featured_media":0,"parent":0,"menu_order":0,"comment_status":"closed","ping_status":"closed","template":"","meta":{"footnotes":""},"class_list":["post-628","page","type-page","status-publish","hentry"],"_links":{"self":[{"href":"https:\/\/www.charityinfaith.com\/es\/wp-json\/wp\/v2\/pages\/628","targetHints":{"allow":["GET"]}}],"collection":[{"href":"https:\/\/www.charityinfaith.com\/es\/wp-json\/wp\/v2\/pages"}],"about":[{"href":"https:\/\/www.charityinfaith.com\/es\/wp-json\/wp\/v2\/types\/page"}],"author":[{"embeddable":true,"href":"https:\/\/www.charityinfaith.com\/es\/wp-json\/wp\/v2\/users\/1"}],"replies":[{"embeddable":true,"href":"https:\/\/www.charityinfaith.com\/es\/wp-json\/wp\/v2\/comments?post=628"}],"version-history":[{"count":26,"href":"https:\/\/www.charityinfaith.com\/es\/wp-json\/wp\/v2\/pages\/628\/revisions"}],"predecessor-version":[{"id":969,"href":"https:\/\/www.charityinfaith.com\/es\/wp-json\/wp\/v2\/pages\/628\/revisions\/969"}],"wp:attachment":[{"href":"https:\/\/www.charityinfaith.com\/es\/wp-json\/wp\/v2\/media?parent=628"}],"curies":[{"name":"wp","href":"https:\/\/api.w.org\/{rel}","templated":true}]}}