{"id":467,"date":"2021-11-24T05:06:55","date_gmt":"2021-11-24T05:06:55","guid":{"rendered":"https:\/\/www.charityinfaith.com\/es\/?page_id=467"},"modified":"2024-04-23T21:39:07","modified_gmt":"2024-04-23T21:39:07","slug":"como-contactarnos","status":"publish","type":"page","link":"https:\/\/www.charityinfaith.com\/es\/como-contactarnos\/","title":{"rendered":"Como Contactarnos"},"content":{"rendered":"[vc_row full_width=&#8221;stretch_row&#8221; css=&#8221;.vc_custom_1633779998508{margin-top: 22px !important;}&#8221;][vc_column width=&#8221;1\/2&#8243;][vc_single_image image=&#8221;338&#8243; img_size=&#8221;full&#8221; alignment=&#8221;center&#8221; onclick=&#8221;link_image&#8221;][\/vc_column][vc_column width=&#8221;1\/2&#8243;][vc_empty_space height=&#8221;150&#8243;]<blockquote class=\" bq-dark-2\">\n<h4 class=\"iheader-quote\"><strong>\u201c\u2026te mostrar\u00e9 la fe por medio de mis obras\u201d<\/strong><\/h4>\n<p style=\"color: #99730e; font-weight: bold; margin-top: 15px;\">Santiago 2:18.<\/p>\n<\/blockquote>[\/vc_column][\/vc_row][vc_row][vc_column][vc_empty_space height=&#8221;55&#8243;][vc_column_text]\n<h1>COMO CONTACTARNOS<\/h1>\n<p>Mi Nombre es Victor Mordey. Soy el Fundador y Presidente de Charity in Faith (tambi\u00e9n conocido como Caritas in Fidei).\u00a0 Soy abogado y agente de bienes ra\u00edces. Abajo puede encontrar el domicilio y tel\u00e9fonos de nuestras oficinas corporativas. Es aqu\u00ed donde se lleva a cabo todo el trabajo legal y administrativo. Abajo encontrar\u00e1 usted nuestros datos para contactarnos. He incluido fotos de la bodega que usamos para recibir comida y papel sanitario en San Diego.[\/vc_column_text][vc_media_grid element_width=&#8221;3&#8243; item=&#8221;mediaGrid_ScaleWithRotation&#8221; grid_id=&#8221;vc_gid:1713908297889-05be7115-3e5c-0&#8243; include=&#8221;128,129,127,126,653,709,655,652,708,654&#8243;][vc_column_text]Esperamos pronto estar en contacto con Usted.[\/vc_column_text][vc_column_text]<strong>Corporate Address:<\/strong><\/p>\n<p><strong>Domicilio Corporativo:<\/strong><br \/>\nCharity In Faith<br \/>\n1061 Tierra del Rey, Suite 202<br \/>\nChula Vista, CA 91910<\/p>\n<p><strong>N\u00famero telef\u00f3nico:<\/strong><br \/>\n619-409-7900[\/vc_column_text][\/vc_column][\/vc_row][vc_row][vc_column][vc_column_text]\n<h2>DONATIVOS<\/h2>\n[\/vc_column_text][\/vc_column][\/vc_row][vc_row][vc_column width=&#8221;1\/6&#8243;][\/vc_column][vc_column width=&#8221;2\/3&#8243;]<blockquote class=\" bq-dark-2\">\n<p style=\"font-weight: bold; margin-bottom: 5px; color: #99730e;\">En el Evangelio seg\u00fan San Lucas, Jes\u00fas dijo:<\/p>\n<p style=\"line-height: 1.5em;\"><em>\u201cAl fijarse, Jes\u00fas vio c\u00f3mo los ricos hacian sus donaciones para el Templo en la sala de las ofrendas. Vio tambi\u00e9n a una viuda pobre que echaba dos peque\u00f1as monedas de cobre. Entonces dijo: \u2018Les aseguro que esta viuda pobre dio m\u00e1s que los otros. Porque todos ellos dieron como ofrenda lo que les sobraba, pero ella dio, de su pobreza, todo lo que ten\u00eda para vivir\u2019.\u201d <strong><span style=\"color: #99730e; text-align: right;\">Lucas 21:1-4<\/span><\/strong><\/em><\/p>\n<\/blockquote>[\/vc_column][vc_column width=&#8221;1\/6&#8243;][\/vc_column][\/vc_row][vc_row css=&#8221;.vc_custom_1638507870032{margin-top: 35px !important;}&#8221;][vc_column][vc_column_text]Usted tiene mucho m\u00e1s que ofrecer aparte de dinero.<\/p>\n<p><span class=\"x_Y2IQFc\" lang=\"es\">Charity in Faith (tambi\u00e9n conocida como Caritas in Fidei) busca servir a Dios y reflejar nuestra fe cristiana mediante nuestro trabajo caritativo a trav\u00e9s de nuestro ministerio de alimentos, el ministerio de pa\u00f1ales, y el ministerio de papel sanitario.<br \/>\n<\/span><\/p>\n<p>Mientras que ciertamente apreciamos cualquier ayuda financiera que se nos ofrezca, tanto nosotros como aquellos a quien servimos tambi\u00e9n recibimos el gran beneficio de ayuda no financiera. Si a Usted le interesa saber c\u00f3mo puede ayudarnos sin contribuir financieramente, tome en consideraci\u00f3n los ministerios en los que trabajamos que se encuentren en la secci\u00f3n titulada \u201cObras de Caridad.\u201d<\/p>\n<p>Si desea hacer un donativo monetario, somos una asociaci\u00f3n sin fines de lucro 501 (c)(3) con operaciones en el Condado de San Diego, California. Nuestro n\u00famero de registro fiscal (EIN) es 85-1162793<\/p>\n<p><strong>Aceptamos pagos con cheque en nuestra oficina corporativa en:<\/strong><br \/>\nCharity in Faith<br \/>\n1061 Tierra del Rey, Suite 202<br \/>\nChula Vista, CA 91910<br \/>\n619-409-7900.[\/vc_column_text][\/vc_column][\/vc_row][vc_row css=&#8221;.vc_custom_1643377516214{padding-top: 55px !important;padding-bottom: 55px !important;}&#8221;][vc_column][vc_column_text]\n<div style=\"background-color: #6d8ac2; padding: 20px; text-align: center; width: 90%; margin: auto;\">\n<h3 style=\"color: #fff; font-weight: bold;\">Nuestros Ministerios<\/h3>\n<p style=\"text-align: center; font-weight: bold;\"><a style=\"color: #fff;\" href=\"https:\/\/www.charityinfaith.com\/es\/ministerio-de-comida\/\" rel=\"noopener\">Ministerio de comida<\/a> <span style=\"color: #fff;\">|<\/span> <a style=\"color: #fff;\" href=\"https:\/\/www.charityinfaith.com\/es\/ministerio-de-panales\/\" rel=\"noopener\">Ministerio de pa\u00f1ales<\/a> <span style=\"color: #fff;\">|<\/span> <a style=\"color: #fff;\" href=\"https:\/\/www.charityinfaith.com\/es\/ministerio-de-papel-sanitario\/\" rel=\"noopener\">Ministerio de Papel Sanitario<\/a><\/p>\n<\/div>\n[\/vc_column_text][\/vc_column][\/vc_row]\n","protected":false},"excerpt":{"rendered":"<p>[vc_row full_width=&#8221;stretch_row&#8221; css=&#8221;.vc_custom_1633779998508{margin-top: 22px !important;}&#8221;][vc_column width=&#8221;1\/2&#8243;][vc_single_image image=&#8221;338&#8243; img_size=&#8221;full&#8221; alignment=&#8221;center&#8221; onclick=&#8221;link_image&#8221;][\/vc_column][vc_column width=&#8221;1\/2&#8243;][vc_empty_space height=&#8221;150&#8243;][\/vc_column][\/vc_row][vc_row][vc_column][vc_empty_space height=&#8221;55&#8243;][vc_column_text] COMO CONTACTARNOS Mi Nombre es Victor Mordey. Soy el Fundador y Presidente de Charity in Faith (tambi\u00e9n conocido como Caritas in Fidei).\u00a0 Soy abogado y agente de bienes ra\u00edces. Abajo puede encontrar el domicilio<\/p>\n","protected":false},"author":1,"featured_media":0,"parent":0,"menu_order":0,"comment_status":"closed","ping_status":"closed","template":"","meta":{"footnotes":""},"class_list":["post-467","page","type-page","status-publish","hentry"],"_links":{"self":[{"href":"https:\/\/www.charityinfaith.com\/es\/wp-json\/wp\/v2\/pages\/467","targetHints":{"allow":["GET"]}}],"collection":[{"href":"https:\/\/www.charityinfaith.com\/es\/wp-json\/wp\/v2\/pages"}],"about":[{"href":"https:\/\/www.charityinfaith.com\/es\/wp-json\/wp\/v2\/types\/page"}],"author":[{"embeddable":true,"href":"https:\/\/www.charityinfaith.com\/es\/wp-json\/wp\/v2\/users\/1"}],"replies":[{"embeddable":true,"href":"https:\/\/www.charityinfaith.com\/es\/wp-json\/wp\/v2\/comments?post=467"}],"version-history":[{"count":34,"href":"https:\/\/www.charityinfaith.com\/es\/wp-json\/wp\/v2\/pages\/467\/revisions"}],"predecessor-version":[{"id":938,"href":"https:\/\/www.charityinfaith.com\/es\/wp-json\/wp\/v2\/pages\/467\/revisions\/938"}],"wp:attachment":[{"href":"https:\/\/www.charityinfaith.com\/es\/wp-json\/wp\/v2\/media?parent=467"}],"curies":[{"name":"wp","href":"https:\/\/api.w.org\/{rel}","templated":true}]}}