{"id":464,"date":"2021-11-24T04:58:45","date_gmt":"2021-11-24T04:58:45","guid":{"rendered":"https:\/\/www.charityinfaith.com\/es\/?page_id=464"},"modified":"2026-04-07T02:04:23","modified_gmt":"2026-04-07T02:04:23","slug":"como-usted-puede-ayudar","status":"publish","type":"page","link":"https:\/\/www.charityinfaith.com\/es\/como-usted-puede-ayudar\/","title":{"rendered":"Como Usted Puede Ayudar"},"content":{"rendered":"[vc_row full_width=&#8221;stretch_row&#8221; content_placement=&#8221;middle&#8221; css=&#8221;.vc_custom_1674619885957{margin-top: 22px !important;}&#8221;][vc_column width=&#8221;1\/2&#8243;][vc_single_image image=&#8221;849&#8243; img_size=&#8221;full&#8221; alignment=&#8221;center&#8221; onclick=&#8221;link_image&#8221;][\/vc_column][vc_column width=&#8221;1\/2&#8243;]<blockquote class=\" bq-dark-2\">\n<h4 class=\"iheader-quote\"><strong>\u201c\u2026te mostrar\u00e9 la fe por medio de mis obras\u201d<\/strong><\/h4>\n<p style=\"color: #99730e; font-weight: bold; margin-top: 15px;\">Santiago 2:18.<\/p>\n<\/blockquote>[\/vc_column][\/vc_row][vc_row][vc_column][vc_empty_space height=&#8221;55&#8243;][vc_column_text]\n<h1>COMO USTED PUEDE AYUDAR<\/h1>\n<p><span class=\"x_Y2IQFc\" lang=\"es\">Los ministerios est\u00e1n destinados a ser compartidos. Puede ayudarnos con nuestro ministerio de alimentos, nuestro ministerio de pa\u00f1ales, y nuestro ministerio de papel santiario, ayud\u00e1ndonos a servir a las personas y organizaciones que se enumeran a continuaci\u00f3n.<\/span>[\/vc_column_text][vc_column_text]<strong>ORFANATO EN TIJUANA, M\u00c9XICO, CASA HOGAR SONRISA DE \u00c1NGELES<\/strong><br \/>\nDonamos comida y papel sanitario a un orfanatorio llamado \u201cCasa Hogar Sonrisa de \u00c1ngeles.\u201d La comida que donamos incluye pollo, pescado, carne, arroz, frijoles, az\u00facar, etc. Como la comida la adquirimos a trav\u00e9s de un proveedor mayorista, la entregan directamente en grandes cantidades v\u00eda transporte comercial. Cuando llega la comida, los voluntarios del orfanatorio la reciben y almacenan. Peri\u00f3dicamente hacemos visitas al orfanatorio. Cuando vamos a visitarlos, ayudamos a cocinar las comidas para los ni\u00f1os. Interactuamos tenemos convivencia con los ni\u00f1os. Con gusto le recibiremos si usted desea venir con nosotros a Tijuana y ayudar a cocinar y preparar comida para los ni\u00f1os, as\u00ed como interactuar y socializar con ellos.[\/vc_column_text][vc_media_grid element_width=&#8221;3&#8243; item=&#8221;mediaGrid_ScaleWithRotation&#8221; initial_loading_animation=&#8221;none&#8221; grid_id=&#8221;vc_gid:1775527405067-5ac4a41b-9bee-5&#8243; include=&#8221;973,159,107,974,670,108,106,172,170,671,174,111&#8243;][\/vc_column][\/vc_row][vc_row css=&#8221;.vc_custom_1652187509079{padding-top: 35px !important;}&#8221;][vc_column width=&#8221;1\/3&#8243;][\/vc_column][vc_column width=&#8221;1\/3&#8243;][vc_column_text]\n<div style=\"width: 600px;\" class=\"wp-video\"><video class=\"wp-video-shortcode\" id=\"video-464-1\" width=\"600\" height=\"338\" preload=\"metadata\" controls=\"controls\"><source type=\"video\/mp4\" src=\"https:\/\/www.charityinfaith.com\/es\/wp-content\/uploads\/2022\/05\/IMG_0293.mp4?_=1\" \/><a href=\"https:\/\/www.charityinfaith.com\/es\/wp-content\/uploads\/2022\/05\/IMG_0293.mp4\">https:\/\/www.charityinfaith.com\/es\/wp-content\/uploads\/2022\/05\/IMG_0293.mp4<\/a><\/video><\/div>\n[\/vc_column_text][\/vc_column][vc_column width=&#8221;1\/3&#8243;][\/vc_column][\/vc_row][vc_row][vc_column][vc_column_text]<strong>FAMILIAS POBRES EN BARRIO LOGAN, SAN DIEGO<\/strong><br \/>\nProveemos de comida, pa\u00f1ales, y papel sanitario, a familias pobres en la colonia de Barrio Logan en San Diego. Empacamos la comida que se encuentra en nuestra bodega. Hacemos paquetes individuales con la comida, (bolsas o cajas). Luego transportamos la comida a una iglesia donde vienen las familias pobres para recibir la comida. Tambi\u00e9n transportamos cajas de pa\u00f1ales que se encuentran en nuestra oficina corporativa, y papel sanitario que se encuentra en nuestra bodega, al mismo lugar para distribuirlos al mismo tiempo que la comida entre las familias pobres. Es usted bienvenido si quiere venir a ayudarnos a empaquetar comida y\/o transportarla. Tambi\u00e9n es usted bienvenido si desea transportar los pa\u00f1ales y\/o papel sanitario. Y finalmente, tambi\u00e9n es usted bienvenido si desea venir a repartir comida, pa\u00f1ales, y papel sanitario, entre las familias pobres.[\/vc_column_text][vc_media_grid element_width=&#8221;3&#8243; item=&#8221;mediaGrid_ScaleWithRotation&#8221; initial_loading_animation=&#8221;none&#8221; grid_id=&#8221;vc_gid:1775527405076-969d7533-5dd1-10&#8243; include=&#8221;866,867,887,888,870,871,872,873,874,875,876&#8243;][\/vc_column][\/vc_row][vc_row][vc_column][vc_column_text]<strong>JORNALEROS MIGRANTES<\/strong><br \/>\nRegalamos comida a migrantes en San Diego que trabajan como jornaleros. Empacamos la comida que esta en nuestra bodega. La empacamos en paquetes individuales (bolsas o cajas). Despu\u00e9s llevamos la comida a las tiendas grandes que venden materiales para renovaci\u00f3n de casas al menudeo, donde los jornaleros migrantes van esperando que alguien vaya a darles trabajo. Es usted bienvenido si quiere ayudarnos a empacar y\/o trasportar la comida. Igualmente, es usted bienvenido si quiere venir y ayudar a distribuir comida entre los jornaleros migrantes.[\/vc_column_text][vc_media_grid element_width=&#8221;3&#8243; item=&#8221;mediaGrid_ScaleWithRotation&#8221; initial_loading_animation=&#8221;none&#8221; grid_id=&#8221;vc_gid:1775527405084-700d131e-ffbe-1&#8243; include=&#8221;667,668,669,665,666&#8243;][\/vc_column][\/vc_row][vc_row css=&#8221;.vc_custom_1643377484995{padding-top: 55px !important;padding-bottom: 55px !important;}&#8221;][vc_column][vc_column_text]\n<div style=\"background-color: #6d8ac2; padding: 20px; text-align: center; width: 90%; margin: auto;\">\n<h3 style=\"color: #fff; font-weight: bold;\">Nuestros Ministerios<\/h3>\n<p style=\"text-align: center; font-weight: bold;\"><a style=\"color: #fff;\" href=\"https:\/\/www.charityinfaith.com\/es\/ministerio-de-comida\/\" rel=\"noopener\">Ministerio de comida<\/a> <span style=\"color: #fff;\">|<\/span> <a style=\"color: #fff;\" href=\"https:\/\/www.charityinfaith.com\/es\/ministerio-de-panales\/\" rel=\"noopener\">Ministerio de pa\u00f1ales<\/a> <span style=\"color: #fff;\">|<\/span> <a style=\"color: #fff;\" href=\"https:\/\/www.charityinfaith.com\/es\/ministerio-de-papel-sanitario\/\" rel=\"noopener\">Ministerio de Papel Sanitario<\/a><\/p>\n<\/div>\n[\/vc_column_text][\/vc_column][\/vc_row]\n","protected":false},"excerpt":{"rendered":"<p>[vc_row full_width=&#8221;stretch_row&#8221; content_placement=&#8221;middle&#8221; css=&#8221;.vc_custom_1674619885957{margin-top: 22px !important;}&#8221;][vc_column width=&#8221;1\/2&#8243;][vc_single_image image=&#8221;849&#8243; img_size=&#8221;full&#8221; alignment=&#8221;center&#8221; onclick=&#8221;link_image&#8221;][\/vc_column][vc_column width=&#8221;1\/2&#8243;][\/vc_column][\/vc_row][vc_row][vc_column][vc_empty_space height=&#8221;55&#8243;][vc_column_text] COMO USTED PUEDE AYUDAR Los ministerios est\u00e1n destinados a ser compartidos. Puede ayudarnos con nuestro ministerio de alimentos, nuestro ministerio de pa\u00f1ales, y nuestro ministerio de papel santiario, ayud\u00e1ndonos a servir a las personas<\/p>\n","protected":false},"author":1,"featured_media":0,"parent":0,"menu_order":0,"comment_status":"closed","ping_status":"closed","template":"","meta":{"footnotes":""},"class_list":["post-464","page","type-page","status-publish","hentry"],"_links":{"self":[{"href":"https:\/\/www.charityinfaith.com\/es\/wp-json\/wp\/v2\/pages\/464","targetHints":{"allow":["GET"]}}],"collection":[{"href":"https:\/\/www.charityinfaith.com\/es\/wp-json\/wp\/v2\/pages"}],"about":[{"href":"https:\/\/www.charityinfaith.com\/es\/wp-json\/wp\/v2\/types\/page"}],"author":[{"embeddable":true,"href":"https:\/\/www.charityinfaith.com\/es\/wp-json\/wp\/v2\/users\/1"}],"replies":[{"embeddable":true,"href":"https:\/\/www.charityinfaith.com\/es\/wp-json\/wp\/v2\/comments?post=464"}],"version-history":[{"count":62,"href":"https:\/\/www.charityinfaith.com\/es\/wp-json\/wp\/v2\/pages\/464\/revisions"}],"predecessor-version":[{"id":977,"href":"https:\/\/www.charityinfaith.com\/es\/wp-json\/wp\/v2\/pages\/464\/revisions\/977"}],"wp:attachment":[{"href":"https:\/\/www.charityinfaith.com\/es\/wp-json\/wp\/v2\/media?parent=464"}],"curies":[{"name":"wp","href":"https:\/\/api.w.org\/{rel}","templated":true}]}}