{"id":462,"date":"2021-11-24T04:52:52","date_gmt":"2021-11-24T04:52:52","guid":{"rendered":"https:\/\/www.charityinfaith.com\/es\/?page_id=462"},"modified":"2026-04-07T02:01:51","modified_gmt":"2026-04-07T02:01:51","slug":"obras-de-caridad","status":"publish","type":"page","link":"https:\/\/www.charityinfaith.com\/es\/obras-de-caridad\/","title":{"rendered":"Obras De Caridad"},"content":{"rendered":"[vc_row full_width=&#8221;stretch_row&#8221; content_placement=&#8221;middle&#8221; css=&#8221;.vc_custom_1674619759903{margin-top: 22px !important;}&#8221;][vc_column width=&#8221;1\/2&#8243;][vc_single_image image=&#8221;847&#8243; img_size=&#8221;full&#8221; alignment=&#8221;center&#8221; onclick=&#8221;link_image&#8221;][\/vc_column][vc_column width=&#8221;1\/2&#8243;]<blockquote class=\" bq-dark-2\">\n<h4 class=\"iheader-quote\"><strong>\u201c\u2026te mostrar\u00e9 la fe por medio de mis obras\u201d<\/strong><\/h4>\n<p style=\"color: #99730e; font-weight: bold; margin-top: 15px;\">Santiago 2:18.<\/p>\n<\/blockquote>[\/vc_column][\/vc_row][vc_row][vc_column][vc_empty_space height=&#8221;55&#8243;][vc_column_text]\n<h1>OBRAS DE CARIDAD<\/h1>\n<p>Buscamos reflejar nuestra fe cristiana a trav\u00e9s de nuestras obras de caridad, que consisten principalmente en proporcionar alimentos a trav\u00e9s de nuestro ministerio de alimentos, pa\u00f1ales a trav\u00e9s de nuestro ministerio de pa\u00f1ales, y papel sanitario a trav\u00e9s de nuestro ministerio de papel sanitario.[\/vc_column_text][vc_column_text]<strong>MINISTERIO DE COMIDA<\/strong><br \/>\nDistribuimos comida entre gente necesitada en el Condado de San Diego y en la regi\u00f3n de Tijuana.\u00a0 En San Diego, la comida llega a nuestra bodega en Otay Mesa por medio de camiones comerciales. Despu\u00e9s de recibir la comida, la empacamos en unidades individuales (en bolsas o cajas) para su distribuci\u00f3n. Una vez empacada, entregamos la comida a personas con necesidad que ya hemos identificado y que desean recibir nuestra comida. En Tijuana, la comida proviene de compras de mayoreo a un proveedor que vende comida a restaurantes en Tijuana. Debido a que la comida que adquirimos viene en cantidades relativamente grandes y que proviene de un proveedor mayorista, la enviamos directamente en camiones de transporte comercial a la gente que hemos identificado ya con necesidad y quienes desean recibir nuestra comida. La gente a la que entregamos comida incluyen un orfanatorio cat\u00f3lico en Tijuana, familias pobres en la colonia de Barrio Logan en San Diego, jornaleros migrantes, y gente necesitada en San Diego, etc.<\/p>\n<p>Anualmente, podemos regalar m\u00e1s de 25,000 comidas a los necesitados en el Condado de San Diego, as\u00ed como en la regi\u00f3n de Tijuana.[\/vc_column_text][vc_media_grid element_width=&#8221;3&#8243; item=&#8221;mediaGrid_ScaleWithRotation&#8221; initial_loading_animation=&#8221;none&#8221; grid_id=&#8221;vc_gid:1775527188274-3c7203ec-e89b-2&#8243; include=&#8221;973,159,866,974,170,671,876,667,174,107,668,867,669,111,670,870,172,666,871,108,872,665,875,106&#8243;][\/vc_column][\/vc_row][vc_row css=&#8221;.vc_custom_1663827278565{padding-top: 55px !important;}&#8221;][vc_column][vc_column_text]<strong>MINISTERIO DE PA\u00d1ALES<\/strong><br \/>\nDistribuimos pa\u00f1ales entre gente necesitada en el Condado de San Diego y en la region de Tijuana. Los pa\u00f1ales que conseguimos llegan en transporte comercial a nuestra oficina corporativa en Chula Vista. De ah\u00ed llevamos los pa\u00f1ales a gente que se ha identificado con necesidad y que desea recibir nuestros pa\u00f1ales. Las personas a las que proporcionamos pa\u00f1ales incluyen, entre otros, familias pobres en la colonia de Barrio Logan en San Diego, y madres o padres con necesidad, etc.\u00a0 Tambien gente necesitada viene a nuestra oficina corporativa en Chula Vista para recoger pa\u00f1ales.<\/p>\n<p>Anualmente, podemos regalar m\u00e1s de 50,000 pa\u00f1ales a los necesitados.[\/vc_column_text][vc_media_grid element_width=&#8221;3&#8243; item=&#8221;mediaGrid_ScaleWithRotation&#8221; grid_id=&#8221;vc_gid:1775527188309-26eb3b9b-c593-4&#8243; include=&#8221;887,888,870,681,873,682&#8243;][\/vc_column][\/vc_row][vc_row css=&#8221;.vc_custom_1663827352285{padding-top: 55px !important;}&#8221;][vc_column][vc_column_text]<strong>MINISTERIO DE PAPEL SANITARIO<\/strong><br \/>\nDistribuimos papel sanitario entre gente necesitada en el Condado de San Diego y en la region de Tijuana. El papel sanitario que conseguimos llega en transporte comercial a nuestra bodega en Otay Mesa. De ah\u00ed llevamos el papel sanitario a gente que se ha identificado con necesidad y que desea recibir nuestro papel sanitario. Las personas a las que proporcionamos papel sanitario incluyen, entre otros, un orfanatorio cat\u00f3lico en Tijuana, familias pobres en la colonia de Barrio Logan en San Diego, y madres o padres con necesidad, etc.\u00a0 Tambien gente necesitada viene a nuestra oficina corporativa en Chula Vista para recoger papel sanitario.<\/p>\n<p>Normalmente, cada a\u00f1o, podemos regalar m\u00e1s de 5,000 rollos de papel sanitario a los necesitados en el Condado de San Diego, as\u00ed como en la regi\u00f3n de Tijuana.[\/vc_column_text][vc_media_grid element_width=&#8221;3&#8243; item=&#8221;mediaGrid_ScaleWithRotation&#8221; initial_loading_animation=&#8221;none&#8221; grid_id=&#8221;vc_gid:1775527188320-7f3da8f1-4b40-3&#8243; include=&#8221;973,159,170,974,671,871,111,870,874,670,106&#8243;][\/vc_column][\/vc_row][vc_row css=&#8221;.vc_custom_1663827333783{padding-top: 55px !important;padding-bottom: 55px !important;}&#8221;][vc_column][vc_column_text][\/vc_column_text][\/vc_column][\/vc_row][vc_row][vc_column][vc_column_text]\n<div style=\"background-color: #6d8ac2; padding: 20px; text-align: center; width: 90%; margin: auto;\">\n<h3 style=\"color: #fff; font-weight: bold;\">Nuestros Ministerios<\/h3>\n<p style=\"text-align: center; font-weight: bold;\"><a style=\"color: #fff;\" href=\"https:\/\/www.charityinfaith.com\/es\/ministerio-de-comida\/\" rel=\"noopener\">Ministerio de comida<\/a> <span style=\"color: #fff;\">|<\/span> <a style=\"color: #fff;\" href=\"https:\/\/www.charityinfaith.com\/es\/ministerio-de-panales\/\" rel=\"noopener\">Ministerio de pa\u00f1ales<\/a> <span style=\"color: #fff;\">|<\/span> <a style=\"color: #fff;\" href=\"https:\/\/www.charityinfaith.com\/es\/ministerio-de-papel-sanitario\/\" rel=\"noopener\">Ministerio de Papel Sanitario<\/a><\/p>\n<\/div>\n[\/vc_column_text][\/vc_column][\/vc_row][vc_row][vc_column][\/vc_column][\/vc_row]\n","protected":false},"excerpt":{"rendered":"<p>[vc_row full_width=&#8221;stretch_row&#8221; content_placement=&#8221;middle&#8221; css=&#8221;.vc_custom_1674619759903{margin-top: 22px !important;}&#8221;][vc_column width=&#8221;1\/2&#8243;][vc_single_image image=&#8221;847&#8243; img_size=&#8221;full&#8221; alignment=&#8221;center&#8221; onclick=&#8221;link_image&#8221;][\/vc_column][vc_column width=&#8221;1\/2&#8243;][\/vc_column][\/vc_row][vc_row][vc_column][vc_empty_space height=&#8221;55&#8243;][vc_column_text] OBRAS DE CARIDAD Buscamos reflejar nuestra fe cristiana a trav\u00e9s de nuestras obras de caridad, que consisten principalmente en proporcionar alimentos a trav\u00e9s de nuestro ministerio de alimentos, pa\u00f1ales a trav\u00e9s de nuestro ministerio<\/p>\n","protected":false},"author":1,"featured_media":0,"parent":0,"menu_order":0,"comment_status":"closed","ping_status":"closed","template":"","meta":{"footnotes":""},"class_list":["post-462","page","type-page","status-publish","hentry"],"_links":{"self":[{"href":"https:\/\/www.charityinfaith.com\/es\/wp-json\/wp\/v2\/pages\/462","targetHints":{"allow":["GET"]}}],"collection":[{"href":"https:\/\/www.charityinfaith.com\/es\/wp-json\/wp\/v2\/pages"}],"about":[{"href":"https:\/\/www.charityinfaith.com\/es\/wp-json\/wp\/v2\/types\/page"}],"author":[{"embeddable":true,"href":"https:\/\/www.charityinfaith.com\/es\/wp-json\/wp\/v2\/users\/1"}],"replies":[{"embeddable":true,"href":"https:\/\/www.charityinfaith.com\/es\/wp-json\/wp\/v2\/comments?post=462"}],"version-history":[{"count":72,"href":"https:\/\/www.charityinfaith.com\/es\/wp-json\/wp\/v2\/pages\/462\/revisions"}],"predecessor-version":[{"id":976,"href":"https:\/\/www.charityinfaith.com\/es\/wp-json\/wp\/v2\/pages\/462\/revisions\/976"}],"wp:attachment":[{"href":"https:\/\/www.charityinfaith.com\/es\/wp-json\/wp\/v2\/media?parent=462"}],"curies":[{"name":"wp","href":"https:\/\/api.w.org\/{rel}","templated":true}]}}