{"id":460,"date":"2021-11-24T04:48:59","date_gmt":"2021-11-24T04:48:59","guid":{"rendered":"https:\/\/www.charityinfaith.com\/es\/?page_id=460"},"modified":"2026-01-13T00:49:42","modified_gmt":"2026-01-13T00:49:42","slug":"la-fe-se-realiza-a-traves-de-obras-de-caridad","status":"publish","type":"page","link":"https:\/\/www.charityinfaith.com\/es\/la-fe-se-realiza-a-traves-de-obras-de-caridad\/","title":{"rendered":"La Fe Se Realiza A Trav\u00e9s De Obras De Caridad"},"content":{"rendered":"[vc_row full_width=&#8221;stretch_row&#8221; content_placement=&#8221;middle&#8221; css=&#8221;.vc_custom_1674619629291{margin-top: 22px !important;}&#8221;][vc_column width=&#8221;1\/2&#8243;][vc_single_image image=&#8221;845&#8243; img_size=&#8221;full&#8221; alignment=&#8221;center&#8221; onclick=&#8221;link_image&#8221;][\/vc_column][vc_column width=&#8221;1\/2&#8243;]<blockquote class=\" bq-dark-2\">\n<h4 class=\"iheader-quote\"><strong>\u201c\u2026te mostrar\u00e9 la fe por medio de mis obras\u201d<\/strong><\/h4>\n<p style=\"color: #99730e; font-weight: bold; margin-top: 15px;\">Santiago 2:18.<\/p>\n<\/blockquote>[\/vc_column][\/vc_row][vc_row][vc_column][vc_empty_space height=&#8221;55&#8243;][vc_column_text]\n<h1>LA FE SE REALIZA A TRAVEZ DE OBRAS DE CARIDAD<\/h1>\n[\/vc_column_text][\/vc_column][\/vc_row][vc_row][vc_column width=&#8221;1\/6&#8243;][\/vc_column][vc_column width=&#8221;2\/3&#8243;]<blockquote class=\" bq-dark-2\">\n<p style=\"font-weight: bold; margin-bottom: 5px; color: #99730e;\">En la ep\u00edstola de Santiago, Santo Santiago dice:<\/p>\n<p style=\"line-height: 1.5em;\"><em>\u201cAs\u00ed pasa tambi\u00e9n con la fe: si no va acompa\u00f1ada de obras, est\u00e1 del todo muerta \u2026 yo te mostrar\u00e9 la fe por medio de mis obras.\u201d <strong><span style=\"color: #99730e; text-align: right;\">Santiago 2:17-18.<\/span><\/strong><\/em><\/p>\n<\/blockquote>[\/vc_column][vc_column width=&#8221;1\/6&#8243;][\/vc_column][\/vc_row][vc_row][vc_column][vc_column_text css=&#8221;.vc_custom_1768265381190{margin-top: 25px !important;}&#8221;]Este pasaje b\u00edblico se convirti\u00f3 en el centro de la disputa, durante la Reforma Protestante del siglo XVI. Espec\u00edficamente, Martin Lutero (padre del protestantismo) en oposici\u00f3n a la Iglesia Cat\u00f3lica proclam\u00f3 que la salvaci\u00f3n se recib\u00eda \u00fanicamente \u201cpor fe\u201d, excluyendo toda obra de caridad. En otras palabras, Martin Lutero cre\u00eda que la Iglesia Cat\u00f3lica colocaba las obras de caridad a la par con la fe para causar nuestra salvaci\u00f3n. Y como Martin Lutero pensaba que la Iglesia Cat\u00f3lica se basaba en la Ep\u00edstola de Santiago para fundamentar dicha ense\u00f1anza, presento argumentos para excluir la Ep\u00edstola de Santiago de la Biblia. Aun hoy en d\u00eda hay muchos cristianos que malentienden la relaci\u00f3n que hay entre la fe y las obras.<\/p>\n<p>La ep\u00edstola de Santiago no dice que las obras de caridad est\u00e9n a la par con la fe para causar nuestra salvaci\u00f3n. M\u00e1s bien, lo que quiere decir es que las obras de caridad son una parte integral de la verdadera fe. Puesto de otra manera, la verdadera fe solo se cumple por completo si se expresa a trav\u00e9s de obras de caridad.<\/p>\n<p><span class=\"x_Y2IQFc\" lang=\"es\">Esperamos reflejar nuestra fe cristiana mediante nuestro trabajo caritativo a trav\u00e9s de nuestro ministerio de alimentos, nuestro ministerio de pa\u00f1ales, y nuestro ministerio de papel sanitario, que atiende a hu\u00e9rfanos mexicanos, jornaleros migrantes, madres pobres, gente necesitada en San Diego, etc.<\/span>[\/vc_column_text][\/vc_column][\/vc_row][vc_row css=&#8221;.vc_custom_1643377422100{padding-top: 55px !important;padding-bottom: 55px !important;}&#8221;][vc_column][vc_column_text]\n<div style=\"background-color: #6d8ac2; padding: 20px; text-align: center; width: 90%; margin: auto;\">\n<h3 style=\"color: #fff; font-weight: bold;\">Nuestros Ministerios<\/h3>\n<p style=\"text-align: center; font-weight: bold;\"><a style=\"color: #fff;\" href=\"https:\/\/www.charityinfaith.com\/es\/ministerio-de-comida\/\" rel=\"noopener\">Ministerio de comida<\/a> <span style=\"color: #fff;\">|<\/span> <a style=\"color: #fff;\" href=\"https:\/\/www.charityinfaith.com\/es\/ministerio-de-panales\/\" rel=\"noopener\">Ministerio de pa\u00f1ales<\/a> <span style=\"color: #fff;\">|<\/span> <a style=\"color: #fff;\" href=\"https:\/\/www.charityinfaith.com\/es\/ministerio-de-papel-sanitario\/\" rel=\"noopener\">Ministerio de Papel Sanitario<\/a><\/p>\n<\/div>\n[\/vc_column_text][\/vc_column][\/vc_row]\n","protected":false},"excerpt":{"rendered":"<p>[vc_row full_width=&#8221;stretch_row&#8221; content_placement=&#8221;middle&#8221; css=&#8221;.vc_custom_1674619629291{margin-top: 22px !important;}&#8221;][vc_column width=&#8221;1\/2&#8243;][vc_single_image image=&#8221;845&#8243; img_size=&#8221;full&#8221; alignment=&#8221;center&#8221; onclick=&#8221;link_image&#8221;][\/vc_column][vc_column width=&#8221;1\/2&#8243;][\/vc_column][\/vc_row][vc_row][vc_column][vc_empty_space height=&#8221;55&#8243;][vc_column_text] LA FE SE REALIZA A TRAVEZ DE OBRAS DE CARIDAD [\/vc_column_text][\/vc_column][\/vc_row][vc_row][vc_column width=&#8221;1\/6&#8243;][\/vc_column][vc_column width=&#8221;2\/3&#8243;][\/vc_column][vc_column width=&#8221;1\/6&#8243;][\/vc_column][\/vc_row][vc_row][vc_column][vc_column_text css=&#8221;.vc_custom_1768265381190{margin-top: 25px !important;}&#8221;]Este pasaje b\u00edblico se convirti\u00f3 en el centro de la disputa, durante la Reforma Protestante del siglo XVI.<\/p>\n","protected":false},"author":1,"featured_media":0,"parent":0,"menu_order":0,"comment_status":"closed","ping_status":"closed","template":"","meta":{"footnotes":""},"class_list":["post-460","page","type-page","status-publish","hentry"],"_links":{"self":[{"href":"https:\/\/www.charityinfaith.com\/es\/wp-json\/wp\/v2\/pages\/460","targetHints":{"allow":["GET"]}}],"collection":[{"href":"https:\/\/www.charityinfaith.com\/es\/wp-json\/wp\/v2\/pages"}],"about":[{"href":"https:\/\/www.charityinfaith.com\/es\/wp-json\/wp\/v2\/types\/page"}],"author":[{"embeddable":true,"href":"https:\/\/www.charityinfaith.com\/es\/wp-json\/wp\/v2\/users\/1"}],"replies":[{"embeddable":true,"href":"https:\/\/www.charityinfaith.com\/es\/wp-json\/wp\/v2\/comments?post=460"}],"version-history":[{"count":26,"href":"https:\/\/www.charityinfaith.com\/es\/wp-json\/wp\/v2\/pages\/460\/revisions"}],"predecessor-version":[{"id":963,"href":"https:\/\/www.charityinfaith.com\/es\/wp-json\/wp\/v2\/pages\/460\/revisions\/963"}],"wp:attachment":[{"href":"https:\/\/www.charityinfaith.com\/es\/wp-json\/wp\/v2\/media?parent=460"}],"curies":[{"name":"wp","href":"https:\/\/api.w.org\/{rel}","templated":true}]}}