{"id":447,"date":"2021-11-24T04:26:52","date_gmt":"2021-11-24T04:26:52","guid":{"rendered":"https:\/\/www.charityinfaith.com\/es\/?page_id=447"},"modified":"2026-01-13T00:48:22","modified_gmt":"2026-01-13T00:48:22","slug":"somos-libres-para-servir-a-dios","status":"publish","type":"page","link":"https:\/\/www.charityinfaith.com\/es\/somos-libres-para-servir-a-dios\/","title":{"rendered":"Somos Libres Para Servir A Dios"},"content":{"rendered":"[vc_row full_width=&#8221;stretch_row&#8221; css=&#8221;.vc_custom_1633779998508{margin-top: 22px !important;}&#8221;][vc_column width=&#8221;1\/2&#8243;][vc_single_image image=&#8221;327&#8243; img_size=&#8221;full&#8221; alignment=&#8221;center&#8221; onclick=&#8221;link_image&#8221;][\/vc_column][vc_column width=&#8221;1\/2&#8243;][vc_empty_space height=&#8221;150&#8243;]<blockquote class=\" bq-dark-2\">\n<h4 class=\"iheader-quote\"><strong>\u201c\u2026te mostrar\u00e9 la fe por medio de mis obras\u201d<\/strong><\/h4>\n<p style=\"color: #99730e; font-weight: bold; margin-top: 15px;\">Santiago 2:18<\/p>\n<\/blockquote>[\/vc_column][\/vc_row][vc_row][vc_column][vc_empty_space height=&#8221;55&#8243;][vc_column_text]\n<h1>SOMOS LIBRES PARA SERVIR A DIOS<\/h1>\n<p>Todos gozamos de la libertad que Dios nos ha otorgado para tomar decisiones en cuanto a cuestiones morales; decisiones que afectan no solo a nosotros mismos, sino tambi\u00e9n a los dem\u00e1s. Cuando pensamos en general acerca de dicha libertad, pensamos en la capacidad de decidir cu\u00e1les cosas debemos hacer y cuales cosas no. Eso es ciertamente uno de los aspectos de la libertad moral. Pero las cosas en las que decidimos basar nuestra vida, afectan tambi\u00e9n el tipo de persona que vamos a ser. Cada uno de nosotros se convierte en el tipo de persona que quiere ser a trav\u00e9s de un proceso de auto-realizaci\u00f3n que funciona de acuerdo a las decisiones que tomamos durante nuestras vidas. Por lo tanto, la libertad de tomar decisiones en cuanto a lo moral, es la libertad de decidir en qu\u00e9 tipo de persona nos vamos a convertir; es la libertad que tenemos para definir nuestra auto-realizaci\u00f3n.<\/p>\n<p>Al enfrentar un sinf\u00edn de decisiones a tomar que afectar\u00e1n no solo a nosotros mismos, sino a los dem\u00e1s, y al encontrarnos ante la verdad de que las decisiones que tomemos definir\u00e1n el tipo de persona en que nos vamos a convertir, entonces nos preguntamos: \u00bfQu\u00e9 debo hacer? \u00bfEn qu\u00e9 tipo de persona me debo de convertir?<\/p>\n<p>El anhelo por entender lo que debemos hacer y por saber en qu\u00e9 tipo de personas nos debemos convertir, es lo que a final de cuentas genera en nosotros el deseo de ajustar nuestras decisiones y por ende nuestras vidas a aquello que Dios quiere de nosotros. Por lo tanto, Dios nos otorga libertad moral, y nosotros deseamos conformar el ejercicio de esta libertad moral para que se ajuste a aquello que Dios quiere para nosotros.[\/vc_column_text][\/vc_column][\/vc_row][vc_row][vc_column width=&#8221;1\/6&#8243;][\/vc_column][vc_column width=&#8221;2\/3&#8243;]<blockquote class=\" bq-dark-2\">\n<p style=\"font-weight: bold; margin-bottom: 5px; color: #99730e;\">En la Ep\u00edstola a los G\u00e1latas, San. Pablo dice:<\/p>\n<p style=\"line-height: 1.5em;\"><em>\u201c\u2026ustedes han sido llamados a la libertad \u2026 h\u00e1ganse servidores los unos de los otros por amor, porque toda la Ley alcansa su plenitude en un solo preceptoL Amar\u00e1s a tu pr\u00f3jimo como a ti mismo.\u201d <strong><span style=\"color: #99730e; text-align: right;\">G\u00e1latas 5:13-14.<\/span><\/strong><\/em><\/p>\n<\/blockquote>[\/vc_column][vc_column width=&#8221;1\/6&#8243;][\/vc_column][\/vc_row][vc_row css=&#8221;.vc_custom_1637729062315{margin-top: 25px !important;}&#8221;][vc_column][vc_column_text]Aqu\u00ed <a title=\"San Pablo\" href=\"https:\/\/www.loyolapress.com\/catholic-resources\/scripture-and-tradition\/jesus-and-the-new-testament\/saint-paul-and-the-epistles\/st-paul-on-making-moral-choices\/\" target=\"_blank\" rel=\"noopener\">San Pablo<\/a> reconoce que tenemos la libertad de tomar nuestras propias decisiones en cuanto a lo moral, pero tambi\u00e9n nos exhorta a ajustar el ejercicio de nuestra libertad a aquello que Dios quiere para nosotros amando a nuestro pr\u00f3jimo como a nosotros mismos; San Pablo nos exhorta a ajustar nuestras decisiones y por lo tanto nuestras vidas, a aquello que Dios quiere para nosotros trav\u00e9s del servicio mutuo. \u00bfPero c\u00f3mo hemos de servirnos los unos a los otros? Como Dios nos ha dado la libertad de tomar nuestras propias decisiones morales y por lo tanto la libertad de decidir en qu\u00e9 tipo de personas nos vamos a convertir, \u00c9l no ha pre-determinado para nosotros cuales decisiones tomar; \u00c9l no ha pre-determinado para nosotros como hemos de practicar el servicio mutuo. Por lo tanto, cuando se trata de c\u00f3mo debemos servir los unos a los otros, la cuesti\u00f3n no es c\u00f3mo Dios quiere que nos sirvamos los unos a los otros. M\u00e1s bien la cuesti\u00f3n es como nosotros, al ejercitar nuestra imaginaci\u00f3n, en el uso de nuestra libertad, determinamos como servir los unos a los otros.<\/p>\n<p><span class=\"x_Y2IQFc\" lang=\"es\">Hemos elegido servir a Dios comprometi\u00e9ndonos en un ministerio de alimentos, un ministerio de pa\u00f1ales, y un ministerio de papel sanitario, en beneficio de los hu\u00e9rfanos mexicanos, los jornaleros migrantes, las madres pobres, gente necesitada en San Diego, etc.<\/span>[\/vc_column_text][\/vc_column][\/vc_row][vc_row css=&#8221;.vc_custom_1643377364981{padding-top: 55px !important;padding-bottom: 55px !important;}&#8221;][vc_column][vc_column_text]\n<div style=\"background-color: #6d8ac2; padding: 20px; text-align: center; width: 90%; margin: auto;\">\n<h3 style=\"color: #fff; font-weight: bold;\">Nuestros Ministerios<\/h3>\n<p style=\"text-align: center; font-weight: bold;\"><a style=\"color: #fff;\" href=\"https:\/\/www.charityinfaith.com\/es\/ministerio-de-comida\/\" rel=\"noopener\">Ministerio de comida<\/a> <span style=\"color: #fff;\">|<\/span> <a style=\"color: #fff;\" href=\"https:\/\/www.charityinfaith.com\/es\/ministerio-de-panales\/\" rel=\"noopener\">Ministerio de pa\u00f1ales<\/a> <span style=\"color: #fff;\">|<\/span> <a style=\"color: #fff;\" href=\"https:\/\/www.charityinfaith.com\/es\/ministerio-de-papel-sanitario\/\" rel=\"noopener\">Ministerio de Papel Sanitario<\/a><\/p>\n<\/div>\n[\/vc_column_text][\/vc_column][\/vc_row]\n","protected":false},"excerpt":{"rendered":"<p>[vc_row full_width=&#8221;stretch_row&#8221; css=&#8221;.vc_custom_1633779998508{margin-top: 22px !important;}&#8221;][vc_column width=&#8221;1\/2&#8243;][vc_single_image image=&#8221;327&#8243; img_size=&#8221;full&#8221; alignment=&#8221;center&#8221; onclick=&#8221;link_image&#8221;][\/vc_column][vc_column width=&#8221;1\/2&#8243;][vc_empty_space height=&#8221;150&#8243;][\/vc_column][\/vc_row][vc_row][vc_column][vc_empty_space height=&#8221;55&#8243;][vc_column_text] SOMOS LIBRES PARA SERVIR A DIOS Todos gozamos de la libertad que Dios nos ha otorgado para tomar decisiones en cuanto a cuestiones morales; decisiones que afectan no solo a nosotros mismos, sino tambi\u00e9n<\/p>\n","protected":false},"author":1,"featured_media":0,"parent":0,"menu_order":0,"comment_status":"closed","ping_status":"closed","template":"","meta":{"footnotes":""},"class_list":["post-447","page","type-page","status-publish","hentry"],"_links":{"self":[{"href":"https:\/\/www.charityinfaith.com\/es\/wp-json\/wp\/v2\/pages\/447","targetHints":{"allow":["GET"]}}],"collection":[{"href":"https:\/\/www.charityinfaith.com\/es\/wp-json\/wp\/v2\/pages"}],"about":[{"href":"https:\/\/www.charityinfaith.com\/es\/wp-json\/wp\/v2\/types\/page"}],"author":[{"embeddable":true,"href":"https:\/\/www.charityinfaith.com\/es\/wp-json\/wp\/v2\/users\/1"}],"replies":[{"embeddable":true,"href":"https:\/\/www.charityinfaith.com\/es\/wp-json\/wp\/v2\/comments?post=447"}],"version-history":[{"count":25,"href":"https:\/\/www.charityinfaith.com\/es\/wp-json\/wp\/v2\/pages\/447\/revisions"}],"predecessor-version":[{"id":962,"href":"https:\/\/www.charityinfaith.com\/es\/wp-json\/wp\/v2\/pages\/447\/revisions\/962"}],"wp:attachment":[{"href":"https:\/\/www.charityinfaith.com\/es\/wp-json\/wp\/v2\/media?parent=447"}],"curies":[{"name":"wp","href":"https:\/\/api.w.org\/{rel}","templated":true}]}}