{"id":401,"date":"2021-11-23T15:16:09","date_gmt":"2021-11-23T15:16:09","guid":{"rendered":"https:\/\/www.charityinfaith.com\/es\/?page_id=401"},"modified":"2026-04-07T01:58:06","modified_gmt":"2026-04-07T01:58:06","slug":"inicio","status":"publish","type":"page","link":"https:\/\/www.charityinfaith.com\/es\/","title":{"rendered":"Inicio"},"content":{"rendered":"[vc_row full_width=&#8221;stretch_row&#8221; css=&#8221;.vc_custom_1633779998508{margin-top: 22px !important;}&#8221;][vc_column width=&#8221;1\/2&#8243;][vc_single_image image=&#8221;324&#8243; img_size=&#8221;full&#8221; alignment=&#8221;center&#8221; onclick=&#8221;link_image&#8221;][\/vc_column][vc_column width=&#8221;1\/2&#8243;][vc_empty_space height=&#8221;150&#8243;]<blockquote class=\" bq-dark-2\">\n<h4 class=\"iheader-quote\"><strong>\u201c\u2026te mostrar\u00e9 la fe por medio de mis obras\u201d<\/strong><\/h4>\n<p style=\"color: #99730e; font-weight: bold; margin-top: 15px;\">Santiago 2:18<\/p>\n<\/blockquote>[\/vc_column][\/vc_row][vc_row][vc_column][vc_column_text]Charity in Faith (tambi\u00e9n conocido como Caritas in Fidei) se dedica a hacer obras de caridad para promover el cristianismo.<\/p>\n<p>Al usar la libertad que Dios nos ha dado participando en obras de caridad que promueven el cristianismo, nuestras obras de caridad son una manera de expresar la fe.<\/p>\n<p>Al expresar nuestra fe mediante obras de caridad, esperamos obtener una formaci\u00f3n espiritual que se asemeje m\u00e1s al tipo de persona en la que Dios quiere que nos convirtamos.[\/vc_column_text][vc_column_text]Charity in Faith (tambi\u00e9n conocida como Caritas in Fidei) proporciona alimentos, pa\u00f1ales, papel sanitario, y otros art\u00edculos esenciales a los pobres y necesitados en el condado de San Diego y en Tijuana, Baja California.<\/p>\n<p>&nbsp;<\/p>\n<p>Anualmente, podemos regalar m\u00e1s de 25,000 comidas, 50,000 pa\u00f1ales, y 5,000 rollos de papel sanitario.[\/vc_column_text][vc_column_text]Si Usted se interesa en trabajar con nosotros como voluntario, si necesita comida, pa\u00f1ales, o papel sanitario, o si sabe de alguien que tenga necesidad de comida, pa\u00f1ales, o papel sanitario, cont\u00e1ctenos por favor.[\/vc_column_text][\/vc_column][\/vc_row][vc_row][vc_column][vc_media_grid element_width=&#8221;3&#8243; item=&#8221;mediaGrid_ScaleWithRotation&#8221; initial_loading_animation=&#8221;none&#8221; grid_id=&#8221;vc_gid:1775526968023-43a12d77-049e-4&#8243; include=&#8221;973,159,866,974,170,671,667,174,867,887,107,668,888,669,870,111,871,681,872,172,666,873,875,106,874,670,108,876,682,665&#8243;][\/vc_column][\/vc_row][vc_row css=&#8221;.vc_custom_1643376520765{padding-top: 55px !important;padding-bottom: 55px !important;}&#8221;][vc_column][vc_column_text]\n<div style=\"background-color: #6d8ac2; padding: 20px; text-align: center; width: 90%; margin: auto;\">\n<h3 style=\"color: #fff; font-weight: bold;\">Nuestros Ministerios<\/h3>\n<p style=\"text-align: center; font-weight: bold;\"><a style=\"color: #fff;\" href=\"https:\/\/www.charityinfaith.com\/es\/ministerio-de-comida\/\" rel=\"noopener\">Ministerio de comida<\/a> <span style=\"color: #fff;\">|<\/span> <a style=\"color: #fff;\" href=\"https:\/\/www.charityinfaith.com\/es\/ministerio-de-panales\/\" rel=\"noopener\">Ministerio de pa\u00f1ales<\/a> <span style=\"color: #fff;\">|<\/span> <a style=\"color: #fff;\" href=\"https:\/\/www.charityinfaith.com\/es\/ministerio-de-papel-sanitario\/\" rel=\"noopener\">Ministerio de Papel Sanitario<\/a><\/p>\n<\/div>\n[\/vc_column_text][\/vc_column][\/vc_row]\n","protected":false},"excerpt":{"rendered":"<p>[vc_row full_width=&#8221;stretch_row&#8221; css=&#8221;.vc_custom_1633779998508{margin-top: 22px !important;}&#8221;][vc_column width=&#8221;1\/2&#8243;][vc_single_image image=&#8221;324&#8243; img_size=&#8221;full&#8221; alignment=&#8221;center&#8221; onclick=&#8221;link_image&#8221;][\/vc_column][vc_column width=&#8221;1\/2&#8243;][vc_empty_space height=&#8221;150&#8243;][\/vc_column][\/vc_row][vc_row][vc_column][vc_column_text]Charity in Faith (tambi\u00e9n conocido como Caritas in Fidei) se dedica a hacer obras de caridad para promover el cristianismo. Al usar la libertad que Dios nos ha dado participando en obras de caridad que promueven<\/p>\n","protected":false},"author":1,"featured_media":0,"parent":0,"menu_order":0,"comment_status":"closed","ping_status":"closed","template":"","meta":{"footnotes":""},"class_list":["post-401","page","type-page","status-publish","hentry"],"_links":{"self":[{"href":"https:\/\/www.charityinfaith.com\/es\/wp-json\/wp\/v2\/pages\/401","targetHints":{"allow":["GET"]}}],"collection":[{"href":"https:\/\/www.charityinfaith.com\/es\/wp-json\/wp\/v2\/pages"}],"about":[{"href":"https:\/\/www.charityinfaith.com\/es\/wp-json\/wp\/v2\/types\/page"}],"author":[{"embeddable":true,"href":"https:\/\/www.charityinfaith.com\/es\/wp-json\/wp\/v2\/users\/1"}],"replies":[{"embeddable":true,"href":"https:\/\/www.charityinfaith.com\/es\/wp-json\/wp\/v2\/comments?post=401"}],"version-history":[{"count":66,"href":"https:\/\/www.charityinfaith.com\/es\/wp-json\/wp\/v2\/pages\/401\/revisions"}],"predecessor-version":[{"id":975,"href":"https:\/\/www.charityinfaith.com\/es\/wp-json\/wp\/v2\/pages\/401\/revisions\/975"}],"wp:attachment":[{"href":"https:\/\/www.charityinfaith.com\/es\/wp-json\/wp\/v2\/media?parent=401"}],"curies":[{"name":"wp","href":"https:\/\/api.w.org\/{rel}","templated":true}]}}